{"id":12,"date":"2024-01-25T21:05:41","date_gmt":"2024-01-25T21:05:41","guid":{"rendered":"https:\/\/www.linkmex.net\/mkt\/?page_id=12"},"modified":"2024-02-15T02:03:22","modified_gmt":"2024-02-15T02:03:22","slug":"contacto","status":"publish","type":"page","link":"https:\/\/www.linkmex.net\/mkt\/contacto\/","title":{"rendered":"Contacto"},"content":{"rendered":"\n<p>Ac\u00e9rquese a nosotros, podemos asesorarlo para la soluci\u00f3n a sus problemas tecnol\u00f3gicos. Llame y concerte una cita o env\u00ede un correo electr\u00f3nico a <a href=\"mailto:linkmex@linkmex.net\">linkmex@linkmex.net<\/a><\/p>\n\n\n\n<p>Tambi\u00e9n puede enviar mensaje por WhatsApp: 55-2184-7010<\/p>\n\n\n\n<figure class=\"wp-block-image size-full\"><img loading=\"lazy\" decoding=\"async\" width=\"1200\" height=\"720\" src=\"https:\/\/www.linkmex.net\/mkt\/wp-content\/uploads\/2024\/02\/Contacto.jpg\" alt=\"\" class=\"wp-image-240\" srcset=\"https:\/\/www.linkmex.net\/mkt\/wp-content\/uploads\/2024\/02\/Contacto.jpg 1200w, https:\/\/www.linkmex.net\/mkt\/wp-content\/uploads\/2024\/02\/Contacto-300x180.jpg 300w, https:\/\/www.linkmex.net\/mkt\/wp-content\/uploads\/2024\/02\/Contacto-1024x614.jpg 1024w, https:\/\/www.linkmex.net\/mkt\/wp-content\/uploads\/2024\/02\/Contacto-768x461.jpg 768w\" sizes=\"auto, (max-width: 767px) 89vw, (max-width: 1000px) 54vw, (max-width: 1071px) 543px, 580px\" \/><\/figure>\n","protected":false},"excerpt":{"rendered":"<p>Ac\u00e9rquese a nosotros, podemos asesorarlo para la soluci\u00f3n a sus problemas tecnol\u00f3gicos. Llame y concerte una cita o env\u00ede un correo electr\u00f3nico a linkmex@linkmex.net Tambi\u00e9n puede enviar mensaje por WhatsApp: 55-2184-7010<\/p>\n","protected":false},"author":1,"featured_media":172,"parent":0,"menu_order":0,"comment_status":"closed","ping_status":"closed","template":"","meta":{"footnotes":""},"class_list":["post-12","page","type-page","status-publish","has-post-thumbnail","hentry"],"_links":{"self":[{"href":"https:\/\/www.linkmex.net\/mkt\/wp-json\/wp\/v2\/pages\/12","targetHints":{"allow":["GET"]}}],"collection":[{"href":"https:\/\/www.linkmex.net\/mkt\/wp-json\/wp\/v2\/pages"}],"about":[{"href":"https:\/\/www.linkmex.net\/mkt\/wp-json\/wp\/v2\/types\/page"}],"author":[{"embeddable":true,"href":"https:\/\/www.linkmex.net\/mkt\/wp-json\/wp\/v2\/users\/1"}],"replies":[{"embeddable":true,"href":"https:\/\/www.linkmex.net\/mkt\/wp-json\/wp\/v2\/comments?post=12"}],"version-history":[{"count":8,"href":"https:\/\/www.linkmex.net\/mkt\/wp-json\/wp\/v2\/pages\/12\/revisions"}],"predecessor-version":[{"id":453,"href":"https:\/\/www.linkmex.net\/mkt\/wp-json\/wp\/v2\/pages\/12\/revisions\/453"}],"wp:featuredmedia":[{"embeddable":true,"href":"https:\/\/www.linkmex.net\/mkt\/wp-json\/wp\/v2\/media\/172"}],"wp:attachment":[{"href":"https:\/\/www.linkmex.net\/mkt\/wp-json\/wp\/v2\/media?parent=12"}],"curies":[{"name":"wp","href":"https:\/\/api.w.org\/{rel}","templated":true}]}}